{"id":957,"date":"2020-06-27T16:50:34","date_gmt":"2020-06-27T16:50:34","guid":{"rendered":"https:\/\/sandboxwarriors.de\/?page_id=957"},"modified":"2022-05-29T17:59:19","modified_gmt":"2022-05-29T17:59:19","slug":"unsere-laeufe","status":"publish","type":"page","link":"https:\/\/sandboxwarriors.de\/?page_id=957","title":{"rendered":"Unsere L\u00e4ufe"},"content":{"rendered":"<p>&nbsp;<\/p>\n<p style=\"text-align: left;\">Die Sandbox Warriors veranstalten drei L\u00e4ufe im Jahr:<\/p>\n<ul style=\"text-align: left;\">\n<li><a href=\"https:\/\/sandboxwarriors.de\/?page_id=41\">Neujahrslauf<\/a><\/li>\n<li><a href=\"https:\/\/sandboxwarriors.de\/?page_id=87\">Karlsternlauf<\/a><\/li>\n<li><a href=\"https:\/\/sandboxwarriors.de\/?page_id=39\">Maudacher Kerwelauf<\/a><\/li>\n<\/ul>\n<div style=\"text-align: left;\">F\u00fcr weitere Informationen einfach den Links folgen.<\/div>\n<div><\/div>\n<div style=\"text-align: left;\">Bei all unseren L\u00e4ufen gilt: Gelaufen wird das, was Spa\u00df macht. Jeder kann \u2013 niemand muss. Gemeinsam sportlich Spa\u00df haben!<\/div>\n","protected":false},"excerpt":{"rendered":"<p>&nbsp; Die Sandbox Warriors veranstalten drei L\u00e4ufe im Jahr: Neujahrslauf Karlsternlauf Maudacher Kerwelauf F\u00fcr weitere Informationen einfach den Links folgen. Bei all unseren L\u00e4ufen gilt: Gelaufen wird das, was Spa\u00df macht. Jeder kann \u2013 niemand muss. Gemeinsam sportlich Spa\u00df haben!<\/p>\n","protected":false},"author":1,"featured_media":0,"parent":0,"menu_order":0,"comment_status":"closed","ping_status":"closed","template":"","meta":[],"yoast_head":"<!-- This site is optimized with the Yoast SEO plugin v18.9 - https:\/\/yoast.com\/wordpress\/plugins\/seo\/ -->\n<title>Unsere L\u00e4ufe - SANDBOX WARRIORS e.V.<\/title>\n<meta name=\"robots\" content=\"index, follow, max-snippet:-1, max-image-preview:large, max-video-preview:-1\" \/>\n<link rel=\"canonical\" href=\"https:\/\/sandboxwarriors.de\/?page_id=957\" \/>\n<meta property=\"og:locale\" content=\"de_DE\" \/>\n<meta property=\"og:type\" content=\"article\" \/>\n<meta property=\"og:title\" content=\"Unsere L\u00e4ufe - SANDBOX WARRIORS e.V.\" \/>\n<meta property=\"og:description\" content=\"&nbsp; Die Sandbox Warriors veranstalten drei L\u00e4ufe im Jahr: Neujahrslauf Karlsternlauf Maudacher Kerwelauf F\u00fcr weitere Informationen einfach den Links folgen. Bei all unseren L\u00e4ufen gilt: Gelaufen wird das, was Spa\u00df macht. Jeder kann \u2013 niemand muss. Gemeinsam sportlich Spa\u00df haben!\" \/>\n<meta property=\"og:url\" content=\"https:\/\/sandboxwarriors.de\/?page_id=957\" \/>\n<meta property=\"og:site_name\" content=\"SANDBOX WARRIORS e.V.\" \/>\n<meta property=\"article:modified_time\" content=\"2022-05-29T17:59:19+00:00\" \/>\n<meta name=\"twitter:card\" content=\"summary_large_image\" \/>\n<script type=\"application\/ld+json\" class=\"yoast-schema-graph\">{\"@context\":\"https:\/\/schema.org\",\"@graph\":[{\"@type\":\"WebSite\",\"@id\":\"https:\/\/sandboxwarriors.de\/#website\",\"url\":\"https:\/\/sandboxwarriors.de\/\",\"name\":\"SANDBOX WARRIORS e.V.\",\"description\":\"Laufen und Triathlon in der Metropolregion Rhein-Neckar\",\"potentialAction\":[{\"@type\":\"SearchAction\",\"target\":{\"@type\":\"EntryPoint\",\"urlTemplate\":\"https:\/\/sandboxwarriors.de\/?s={search_term_string}\"},\"query-input\":\"required name=search_term_string\"}],\"inLanguage\":\"de\"},{\"@type\":\"WebPage\",\"@id\":\"https:\/\/sandboxwarriors.de\/?page_id=957#webpage\",\"url\":\"https:\/\/sandboxwarriors.de\/?page_id=957\",\"name\":\"Unsere L\u00e4ufe - SANDBOX WARRIORS e.V.\",\"isPartOf\":{\"@id\":\"https:\/\/sandboxwarriors.de\/#website\"},\"datePublished\":\"2020-06-27T16:50:34+00:00\",\"dateModified\":\"2022-05-29T17:59:19+00:00\",\"breadcrumb\":{\"@id\":\"https:\/\/sandboxwarriors.de\/?page_id=957#breadcrumb\"},\"inLanguage\":\"de\",\"potentialAction\":[{\"@type\":\"ReadAction\",\"target\":[\"https:\/\/sandboxwarriors.de\/?page_id=957\"]}]},{\"@type\":\"BreadcrumbList\",\"@id\":\"https:\/\/sandboxwarriors.de\/?page_id=957#breadcrumb\",\"itemListElement\":[{\"@type\":\"ListItem\",\"position\":1,\"name\":\"Startseite\",\"item\":\"https:\/\/sandboxwarriors.de\/\"},{\"@type\":\"ListItem\",\"position\":2,\"name\":\"Unsere L\u00e4ufe\"}]}]}<\/script>\n<!-- \/ Yoast SEO plugin. -->","yoast_head_json":{"title":"Unsere L\u00e4ufe - SANDBOX WARRIORS e.V.","robots":{"index":"index","follow":"follow","max-snippet":"max-snippet:-1","max-image-preview":"max-image-preview:large","max-video-preview":"max-video-preview:-1"},"canonical":"https:\/\/sandboxwarriors.de\/?page_id=957","og_locale":"de_DE","og_type":"article","og_title":"Unsere L\u00e4ufe - SANDBOX WARRIORS e.V.","og_description":"&nbsp; Die Sandbox Warriors veranstalten drei L\u00e4ufe im Jahr: Neujahrslauf Karlsternlauf Maudacher Kerwelauf F\u00fcr weitere Informationen einfach den Links folgen. Bei all unseren L\u00e4ufen gilt: Gelaufen wird das, was Spa\u00df macht. Jeder kann \u2013 niemand muss. Gemeinsam sportlich Spa\u00df haben!","og_url":"https:\/\/sandboxwarriors.de\/?page_id=957","og_site_name":"SANDBOX WARRIORS e.V.","article_modified_time":"2022-05-29T17:59:19+00:00","twitter_card":"summary_large_image","schema":{"@context":"https:\/\/schema.org","@graph":[{"@type":"WebSite","@id":"https:\/\/sandboxwarriors.de\/#website","url":"https:\/\/sandboxwarriors.de\/","name":"SANDBOX WARRIORS e.V.","description":"Laufen und Triathlon in der Metropolregion Rhein-Neckar","potentialAction":[{"@type":"SearchAction","target":{"@type":"EntryPoint","urlTemplate":"https:\/\/sandboxwarriors.de\/?s={search_term_string}"},"query-input":"required name=search_term_string"}],"inLanguage":"de"},{"@type":"WebPage","@id":"https:\/\/sandboxwarriors.de\/?page_id=957#webpage","url":"https:\/\/sandboxwarriors.de\/?page_id=957","name":"Unsere L\u00e4ufe - SANDBOX WARRIORS e.V.","isPartOf":{"@id":"https:\/\/sandboxwarriors.de\/#website"},"datePublished":"2020-06-27T16:50:34+00:00","dateModified":"2022-05-29T17:59:19+00:00","breadcrumb":{"@id":"https:\/\/sandboxwarriors.de\/?page_id=957#breadcrumb"},"inLanguage":"de","potentialAction":[{"@type":"ReadAction","target":["https:\/\/sandboxwarriors.de\/?page_id=957"]}]},{"@type":"BreadcrumbList","@id":"https:\/\/sandboxwarriors.de\/?page_id=957#breadcrumb","itemListElement":[{"@type":"ListItem","position":1,"name":"Startseite","item":"https:\/\/sandboxwarriors.de\/"},{"@type":"ListItem","position":2,"name":"Unsere L\u00e4ufe"}]}]}},"_links":{"self":[{"href":"https:\/\/sandboxwarriors.de\/index.php?rest_route=\/wp\/v2\/pages\/957"}],"collection":[{"href":"https:\/\/sandboxwarriors.de\/index.php?rest_route=\/wp\/v2\/pages"}],"about":[{"href":"https:\/\/sandboxwarriors.de\/index.php?rest_route=\/wp\/v2\/types\/page"}],"author":[{"embeddable":true,"href":"https:\/\/sandboxwarriors.de\/index.php?rest_route=\/wp\/v2\/users\/1"}],"replies":[{"embeddable":true,"href":"https:\/\/sandboxwarriors.de\/index.php?rest_route=%2Fwp%2Fv2%2Fcomments&post=957"}],"version-history":[{"count":9,"href":"https:\/\/sandboxwarriors.de\/index.php?rest_route=\/wp\/v2\/pages\/957\/revisions"}],"predecessor-version":[{"id":1188,"href":"https:\/\/sandboxwarriors.de\/index.php?rest_route=\/wp\/v2\/pages\/957\/revisions\/1188"}],"wp:attachment":[{"href":"https:\/\/sandboxwarriors.de\/index.php?rest_route=%2Fwp%2Fv2%2Fmedia&parent=957"}],"curies":[{"name":"wp","href":"https:\/\/api.w.org\/{rel}","templated":true}]}}