{"id":39,"date":"2017-07-27T17:39:12","date_gmt":"2017-07-27T17:39:12","guid":{"rendered":"http:\/\/sandboxwarriors.de\/?page_id=39"},"modified":"2020-08-23T15:40:28","modified_gmt":"2020-08-23T15:40:28","slug":"kerwelauf-maudach","status":"publish","type":"page","link":"https:\/\/sandboxwarriors.de\/?page_id=39","title":{"rendered":"Kerwelauf"},"content":{"rendered":"<p>&nbsp;<\/p>\n<p>Auf eine abwechslungsreiche Laufstrecke durchs Maudacher Bruch d\u00fcrfen sich Sportbegeisterte dann im Oktober beim Maudacher Kerwelauf freuen. 10,3 Kilometer (Nordic) Walking, 10,3 Kilometer Hauptlauf oder 800 Meter Bambinilauf \u2013 sowohl ambitionierte Sportler als auch Hobbyl\u00e4ufer finden hier ihre Herausforderung. Start und Ziel ist der Maudacher Kerweplatz in der Silgestra\u00dfe.<\/p>\n<p>Die Strecke des Hauptlaufs f\u00fchrt zun\u00e4chst ein St\u00fcck durch Alt-Maudach, wo sich die L\u00e4ufer von der bew\u00e4hrt guten Stimmung am Stra\u00dfenrand tragen lassen k\u00f6nnen. Dann wird es beschaulicher, denn ein Gro\u00dfteil des flachen Rundkurses f\u00fchrt auf Waldwegen durchs Naturschutzgebiet Maudacher Bruch.<\/p>\n<p>Die Kinder bis 11 Jahre laufen zwei Runden um den Kerweplatz, insgesamt 800 Meter. Die Bambini sollen die Laufstrecke selbstst\u00e4ndig und ohne Laufbegleitung bew\u00e4ltigen. F\u00fcr L\u00e4ufer von 12 bis 16 Jahren gibt es einen gesonderten Jugendlauf \u00fcber eine l\u00e4ngere Strecke.<\/p>\n<p>Eine Besonderheit der Veranstaltung ist der Stimmungspokal, der an die Zuschauer, die die L\u00e4ufer mit besonderen Aktionen anfeuern, verliehen wird.<\/p>\n<p style=\"text-align: left;\"><a href=\"http:\/\/www.kerwelauf-maudach.de\" target=\"_blank\" rel=\"noopener noreferrer\">Weitere Informationen \u00fcber den Maudacher Kerwelauf finden Sie hier.<\/a><\/p>\n","protected":false},"excerpt":{"rendered":"<p>&nbsp; Auf eine abwechslungsreiche Laufstrecke durchs Maudacher Bruch d\u00fcrfen sich Sportbegeisterte dann im Oktober beim Maudacher Kerwelauf freuen. 10,3 Kilometer (Nordic) Walking, 10,3 Kilometer Hauptlauf oder 800 Meter Bambinilauf \u2013 sowohl ambitionierte Sportler als auch Hobbyl\u00e4ufer finden hier ihre Herausforderung. Start und Ziel ist der Maudacher Kerweplatz in der Silgestra\u00dfe. Die Strecke des Hauptlaufs f\u00fchrt zun\u00e4chst ein St\u00fcck durch Alt-Maudach, wo sich die L\u00e4ufer von der bew\u00e4hrt guten Stimmung am Stra\u00dfenrand tragen lassen k\u00f6nnen. Dann wird es beschaulicher, denn ein Gro\u00dfteil des flachen Rundkurses f\u00fchrt auf Waldwegen durchs Naturschutzgebiet Maudacher Bruch. Die Kinder bis 11 Jahre laufen zwei Runden um den Kerweplatz, insgesamt 800 Meter. Die Bambini sollen die Laufstrecke selbstst\u00e4ndig und ohne Laufbegleitung bew\u00e4ltigen. F\u00fcr L\u00e4ufer von 12 bis 16 Jahren gibt es einen gesonderten Jugendlauf \u00fcber eine l\u00e4ngere Strecke. Eine Besonderheit der Veranstaltung ist der Stimmungspokal, der an die Zuschauer, die die L\u00e4ufer mit besonderen Aktionen anfeuern, verliehen wird. Weitere Informationen \u00fcber den Maudacher Kerwelauf finden Sie hier.<\/p>\n","protected":false},"author":1,"featured_media":0,"parent":0,"menu_order":3,"comment_status":"closed","ping_status":"closed","template":"","meta":[],"yoast_head":"<!-- This site is optimized with the Yoast SEO plugin v18.9 - https:\/\/yoast.com\/wordpress\/plugins\/seo\/ -->\n<title>Kerwelauf - SANDBOX WARRIORS e.V.<\/title>\n<meta name=\"robots\" content=\"index, follow, max-snippet:-1, max-image-preview:large, max-video-preview:-1\" \/>\n<link rel=\"canonical\" href=\"https:\/\/sandboxwarriors.de\/?page_id=39\" \/>\n<meta property=\"og:locale\" content=\"de_DE\" \/>\n<meta property=\"og:type\" content=\"article\" \/>\n<meta property=\"og:title\" content=\"Kerwelauf - SANDBOX WARRIORS e.V.\" \/>\n<meta property=\"og:description\" content=\"&nbsp; Auf eine abwechslungsreiche Laufstrecke durchs Maudacher Bruch d\u00fcrfen sich Sportbegeisterte dann im Oktober beim Maudacher Kerwelauf freuen. 10,3 Kilometer (Nordic) Walking, 10,3 Kilometer Hauptlauf oder 800 Meter Bambinilauf \u2013 sowohl ambitionierte Sportler als auch Hobbyl\u00e4ufer finden hier ihre Herausforderung. Start und Ziel ist der Maudacher Kerweplatz in der Silgestra\u00dfe. Die Strecke des Hauptlaufs f\u00fchrt zun\u00e4chst ein St\u00fcck durch Alt-Maudach, wo sich die L\u00e4ufer von der bew\u00e4hrt guten Stimmung am Stra\u00dfenrand tragen lassen k\u00f6nnen. Dann wird es beschaulicher, denn ein Gro\u00dfteil des flachen Rundkurses f\u00fchrt auf Waldwegen durchs Naturschutzgebiet Maudacher Bruch. Die Kinder bis 11 Jahre laufen zwei Runden um den Kerweplatz, insgesamt 800 Meter. Die Bambini sollen die Laufstrecke selbstst\u00e4ndig und ohne Laufbegleitung bew\u00e4ltigen. F\u00fcr L\u00e4ufer von 12 bis 16 Jahren gibt es einen gesonderten Jugendlauf \u00fcber eine l\u00e4ngere Strecke. Eine Besonderheit der Veranstaltung ist der Stimmungspokal, der an die Zuschauer, die die L\u00e4ufer mit besonderen Aktionen anfeuern, verliehen wird. Weitere Informationen \u00fcber den Maudacher Kerwelauf finden Sie hier.\" \/>\n<meta property=\"og:url\" content=\"https:\/\/sandboxwarriors.de\/?page_id=39\" \/>\n<meta property=\"og:site_name\" content=\"SANDBOX WARRIORS e.V.\" \/>\n<meta property=\"article:modified_time\" content=\"2020-08-23T15:40:28+00:00\" \/>\n<meta name=\"twitter:card\" content=\"summary_large_image\" \/>\n<meta name=\"twitter:label1\" content=\"Gesch\u00e4tzte Lesezeit\" \/>\n\t<meta name=\"twitter:data1\" content=\"1\u00a0Minute\" \/>\n<script type=\"application\/ld+json\" class=\"yoast-schema-graph\">{\"@context\":\"https:\/\/schema.org\",\"@graph\":[{\"@type\":\"WebSite\",\"@id\":\"https:\/\/sandboxwarriors.de\/#website\",\"url\":\"https:\/\/sandboxwarriors.de\/\",\"name\":\"SANDBOX WARRIORS e.V.\",\"description\":\"Laufen und Triathlon in der Metropolregion Rhein-Neckar\",\"potentialAction\":[{\"@type\":\"SearchAction\",\"target\":{\"@type\":\"EntryPoint\",\"urlTemplate\":\"https:\/\/sandboxwarriors.de\/?s={search_term_string}\"},\"query-input\":\"required name=search_term_string\"}],\"inLanguage\":\"de\"},{\"@type\":\"WebPage\",\"@id\":\"https:\/\/sandboxwarriors.de\/?page_id=39#webpage\",\"url\":\"https:\/\/sandboxwarriors.de\/?page_id=39\",\"name\":\"Kerwelauf - SANDBOX WARRIORS e.V.\",\"isPartOf\":{\"@id\":\"https:\/\/sandboxwarriors.de\/#website\"},\"datePublished\":\"2017-07-27T17:39:12+00:00\",\"dateModified\":\"2020-08-23T15:40:28+00:00\",\"breadcrumb\":{\"@id\":\"https:\/\/sandboxwarriors.de\/?page_id=39#breadcrumb\"},\"inLanguage\":\"de\",\"potentialAction\":[{\"@type\":\"ReadAction\",\"target\":[\"https:\/\/sandboxwarriors.de\/?page_id=39\"]}]},{\"@type\":\"BreadcrumbList\",\"@id\":\"https:\/\/sandboxwarriors.de\/?page_id=39#breadcrumb\",\"itemListElement\":[{\"@type\":\"ListItem\",\"position\":1,\"name\":\"Startseite\",\"item\":\"https:\/\/sandboxwarriors.de\/\"},{\"@type\":\"ListItem\",\"position\":2,\"name\":\"Kerwelauf\"}]}]}<\/script>\n<!-- \/ Yoast SEO plugin. -->","yoast_head_json":{"title":"Kerwelauf - SANDBOX WARRIORS e.V.","robots":{"index":"index","follow":"follow","max-snippet":"max-snippet:-1","max-image-preview":"max-image-preview:large","max-video-preview":"max-video-preview:-1"},"canonical":"https:\/\/sandboxwarriors.de\/?page_id=39","og_locale":"de_DE","og_type":"article","og_title":"Kerwelauf - SANDBOX WARRIORS e.V.","og_description":"&nbsp; Auf eine abwechslungsreiche Laufstrecke durchs Maudacher Bruch d\u00fcrfen sich Sportbegeisterte dann im Oktober beim Maudacher Kerwelauf freuen. 10,3 Kilometer (Nordic) Walking, 10,3 Kilometer Hauptlauf oder 800 Meter Bambinilauf \u2013 sowohl ambitionierte Sportler als auch Hobbyl\u00e4ufer finden hier ihre Herausforderung. Start und Ziel ist der Maudacher Kerweplatz in der Silgestra\u00dfe. Die Strecke des Hauptlaufs f\u00fchrt zun\u00e4chst ein St\u00fcck durch Alt-Maudach, wo sich die L\u00e4ufer von der bew\u00e4hrt guten Stimmung am Stra\u00dfenrand tragen lassen k\u00f6nnen. Dann wird es beschaulicher, denn ein Gro\u00dfteil des flachen Rundkurses f\u00fchrt auf Waldwegen durchs Naturschutzgebiet Maudacher Bruch. Die Kinder bis 11 Jahre laufen zwei Runden um den Kerweplatz, insgesamt 800 Meter. Die Bambini sollen die Laufstrecke selbstst\u00e4ndig und ohne Laufbegleitung bew\u00e4ltigen. F\u00fcr L\u00e4ufer von 12 bis 16 Jahren gibt es einen gesonderten Jugendlauf \u00fcber eine l\u00e4ngere Strecke. Eine Besonderheit der Veranstaltung ist der Stimmungspokal, der an die Zuschauer, die die L\u00e4ufer mit besonderen Aktionen anfeuern, verliehen wird. Weitere Informationen \u00fcber den Maudacher Kerwelauf finden Sie hier.","og_url":"https:\/\/sandboxwarriors.de\/?page_id=39","og_site_name":"SANDBOX WARRIORS e.V.","article_modified_time":"2020-08-23T15:40:28+00:00","twitter_card":"summary_large_image","twitter_misc":{"Gesch\u00e4tzte Lesezeit":"1\u00a0Minute"},"schema":{"@context":"https:\/\/schema.org","@graph":[{"@type":"WebSite","@id":"https:\/\/sandboxwarriors.de\/#website","url":"https:\/\/sandboxwarriors.de\/","name":"SANDBOX WARRIORS e.V.","description":"Laufen und Triathlon in der Metropolregion Rhein-Neckar","potentialAction":[{"@type":"SearchAction","target":{"@type":"EntryPoint","urlTemplate":"https:\/\/sandboxwarriors.de\/?s={search_term_string}"},"query-input":"required name=search_term_string"}],"inLanguage":"de"},{"@type":"WebPage","@id":"https:\/\/sandboxwarriors.de\/?page_id=39#webpage","url":"https:\/\/sandboxwarriors.de\/?page_id=39","name":"Kerwelauf - SANDBOX WARRIORS e.V.","isPartOf":{"@id":"https:\/\/sandboxwarriors.de\/#website"},"datePublished":"2017-07-27T17:39:12+00:00","dateModified":"2020-08-23T15:40:28+00:00","breadcrumb":{"@id":"https:\/\/sandboxwarriors.de\/?page_id=39#breadcrumb"},"inLanguage":"de","potentialAction":[{"@type":"ReadAction","target":["https:\/\/sandboxwarriors.de\/?page_id=39"]}]},{"@type":"BreadcrumbList","@id":"https:\/\/sandboxwarriors.de\/?page_id=39#breadcrumb","itemListElement":[{"@type":"ListItem","position":1,"name":"Startseite","item":"https:\/\/sandboxwarriors.de\/"},{"@type":"ListItem","position":2,"name":"Kerwelauf"}]}]}},"_links":{"self":[{"href":"https:\/\/sandboxwarriors.de\/index.php?rest_route=\/wp\/v2\/pages\/39"}],"collection":[{"href":"https:\/\/sandboxwarriors.de\/index.php?rest_route=\/wp\/v2\/pages"}],"about":[{"href":"https:\/\/sandboxwarriors.de\/index.php?rest_route=\/wp\/v2\/types\/page"}],"author":[{"embeddable":true,"href":"https:\/\/sandboxwarriors.de\/index.php?rest_route=\/wp\/v2\/users\/1"}],"replies":[{"embeddable":true,"href":"https:\/\/sandboxwarriors.de\/index.php?rest_route=%2Fwp%2Fv2%2Fcomments&post=39"}],"version-history":[{"count":8,"href":"https:\/\/sandboxwarriors.de\/index.php?rest_route=\/wp\/v2\/pages\/39\/revisions"}],"predecessor-version":[{"id":1110,"href":"https:\/\/sandboxwarriors.de\/index.php?rest_route=\/wp\/v2\/pages\/39\/revisions\/1110"}],"wp:attachment":[{"href":"https:\/\/sandboxwarriors.de\/index.php?rest_route=%2Fwp%2Fv2%2Fmedia&parent=39"}],"curies":[{"name":"wp","href":"https:\/\/api.w.org\/{rel}","templated":true}]}}